{"id":53,"date":"2026-01-13T13:40:32","date_gmt":"2026-01-13T12:40:32","guid":{"rendered":"https:\/\/paahjulmotmobbing.wp1.hcweb.dev\/?page_id=53"},"modified":"2026-05-07T12:38:43","modified_gmt":"2026-05-07T10:38:43","slug":"kontakt","status":"publish","type":"page","link":"https:\/\/www.motmobbing.no\/en\/kontakt\/","title":{"rendered":"Contact us"},"content":{"rendered":"<h1>\n\t\t\tContact us\t<\/h1>\n<h4>\n\t\t\tPhone number\t<\/h4>\n<h4>\n\t\t\tAddress\t<\/h4>\n\t<p>Org. no: 123456789<\/p>\n<h2>\n\t\t\tOur volunteers\t<\/h2>\n\t<meta itemscope itemprop=\"mainEntityOfPage\" itemtype=\"https:\/\/schema.org\/WebPage\" itemid=\"http:\/\/552\" content=\"Elin Bergstr\u00f8m\" \/><meta itemprop=\"datePublished\" content=\"2026-03-28\" \/><meta itemprop=\"dateModified\" content=\"2026-03-28\" \/><meta itemprop=\"name\" content=\"motmobbing.no\"\/><meta itemprop=\"url\" content=\"https:\/\/www.motmobbing.no\/wp-content\/uploads\/2026\/01\/Group-41.png\"\/><meta itemprop=\"url\" content=\"https:\/\/www.motmobbing.no\/author\/kenneth\/\" \/><meta itemprop=\"name\" content=\"Kenneth\" \/><meta itemprop=\"interactionType\" content=\"https:\/\/schema.org\/CommentAction\" \/><meta itemprop=\"userInteractionCount\" content=\"0\" \/>\n\t\t\t\t\t<a href=\"https:\/\/www.motmobbing.no\/en\/sjoforer\/elin-bergstrom\/\" title=\"Elin Bergstr\u00f8m\"><\/a>\n\t\t\t\t<figure itemscope itemtype=\"https:\/\/schema.org\/ImageObject\">\n\t\t\t\t<img decoding=\"async\" src=\"https:\/\/www.motmobbing.no\/wp-content\/uploads\/bb-plugin\/cache\/placeholder-landscape-1bae684e055ff1d123431a98e60e0d32-.jpg\" alt=\"\" data-no-lazy=\"1\" onerror=\"this.style.display='none'\"  \/>\n\t<\/figure>\n\t\t\t\t\t\t\t\t\t<h3 itemprop=\"headline\">\n\t\t\t\t\t\t\t\t\t\t\t\t\t\tElin Bergstr\u00f8m\t\t\t\t\t\t\t\t\t\t\t<\/h3>\n\t<meta itemscope itemprop=\"mainEntityOfPage\" itemtype=\"https:\/\/schema.org\/WebPage\" itemid=\"http:\/\/543\" content=\"Christoffer Asmundsen\" \/><meta itemprop=\"datePublished\" content=\"2026-03-28\" \/><meta itemprop=\"dateModified\" content=\"2026-03-28\" \/><meta itemprop=\"name\" content=\"motmobbing.no\"\/><meta itemprop=\"url\" content=\"https:\/\/www.motmobbing.no\/wp-content\/uploads\/2026\/01\/Group-41.png\"\/><meta itemprop=\"url\" content=\"https:\/\/www.motmobbing.no\/author\/kenneth\/\" \/><meta itemprop=\"name\" content=\"Kenneth\" \/><meta itemprop=\"interactionType\" content=\"https:\/\/schema.org\/CommentAction\" \/><meta itemprop=\"userInteractionCount\" content=\"0\" \/>\n\t\t\t\t\t<a href=\"https:\/\/www.motmobbing.no\/en\/sjoforer\/christoffer-asmundsen\/\" title=\"Christoffer Asmundsen\"><\/a>\n\t\t\t\t<figure itemscope itemtype=\"https:\/\/schema.org\/ImageObject\">\n\t\t\t\t<img decoding=\"async\" src=\"https:\/\/www.motmobbing.no\/wp-content\/uploads\/bb-plugin\/cache\/placeholder-landscape-1bae684e055ff1d123431a98e60e0d32-.jpg\" alt=\"\" data-no-lazy=\"1\" onerror=\"this.style.display='none'\"  \/>\n\t<\/figure>\n\t\t\t\t\t\t\t\t\t<h3 itemprop=\"headline\">\n\t\t\t\t\t\t\t\t\t\t\t\t\t\tChristoffer Asmundsen\t\t\t\t\t\t\t\t\t\t\t<\/h3>\n\t<meta itemscope itemprop=\"mainEntityOfPage\" itemtype=\"https:\/\/schema.org\/WebPage\" itemid=\"http:\/\/542\" content=\"Sindre Stavenes\" \/><meta itemprop=\"datePublished\" content=\"2026-03-28\" \/><meta itemprop=\"dateModified\" content=\"2026-03-28\" \/><meta itemprop=\"name\" content=\"motmobbing.no\"\/><meta itemprop=\"url\" content=\"https:\/\/www.motmobbing.no\/wp-content\/uploads\/2026\/01\/Group-41.png\"\/><meta itemprop=\"url\" content=\"https:\/\/www.motmobbing.no\/author\/kenneth\/\" \/><meta itemprop=\"name\" content=\"Kenneth\" \/><meta itemprop=\"interactionType\" content=\"https:\/\/schema.org\/CommentAction\" \/><meta itemprop=\"userInteractionCount\" content=\"0\" \/>\n\t\t\t\t\t<a href=\"https:\/\/www.motmobbing.no\/en\/sjoforer\/sindre-stavenes\/\" title=\"Sindre Stavenes\"><\/a>\n\t\t\t\t<figure itemscope itemtype=\"https:\/\/schema.org\/ImageObject\">\n\t\t\t\t<img decoding=\"async\" src=\"https:\/\/www.motmobbing.no\/wp-content\/uploads\/bb-plugin\/cache\/placeholder-landscape-1bae684e055ff1d123431a98e60e0d32-.jpg\" alt=\"\" data-no-lazy=\"1\" onerror=\"this.style.display='none'\"  \/>\n\t<\/figure>\n\t\t\t\t\t\t\t\t\t<h3 itemprop=\"headline\">\n\t\t\t\t\t\t\t\t\t\t\t\t\t\tSindre Stavenes\t\t\t\t\t\t\t\t\t\t\t<\/h3>\n\t<meta itemscope itemprop=\"mainEntityOfPage\" itemtype=\"https:\/\/schema.org\/WebPage\" itemid=\"http:\/\/541\" content=\"Kristine Pollestad\" \/><meta itemprop=\"datePublished\" content=\"2026-03-28\" \/><meta itemprop=\"dateModified\" content=\"2026-03-28\" \/><meta itemprop=\"name\" content=\"motmobbing.no\"\/><meta itemprop=\"url\" content=\"https:\/\/www.motmobbing.no\/wp-content\/uploads\/2026\/01\/Group-41.png\"\/><meta itemprop=\"url\" content=\"https:\/\/www.motmobbing.no\/author\/kenneth\/\" \/><meta itemprop=\"name\" content=\"Kenneth\" \/><meta itemprop=\"interactionType\" content=\"https:\/\/schema.org\/CommentAction\" \/><meta itemprop=\"userInteractionCount\" content=\"0\" \/>\n\t\t\t\t\t<a href=\"https:\/\/www.motmobbing.no\/en\/sjoforer\/kristine-pollestad\/\" title=\"Kristine Pollestad\"><\/a>\n\t\t\t\t<figure itemscope itemtype=\"https:\/\/schema.org\/ImageObject\">\n\t\t\t\t<img decoding=\"async\" src=\"https:\/\/www.motmobbing.no\/wp-content\/uploads\/bb-plugin\/cache\/placeholder-landscape-1bae684e055ff1d123431a98e60e0d32-.jpg\" alt=\"\" data-no-lazy=\"1\" onerror=\"this.style.display='none'\"  \/>\n\t<\/figure>\n\t\t\t\t\t\t\t\t\t<h3 itemprop=\"headline\">\n\t\t\t\t\t\t\t\t\t\t\t\t\t\tKristine Pollestad\t\t\t\t\t\t\t\t\t\t\t<\/h3>\n\t<meta itemscope itemprop=\"mainEntityOfPage\" itemtype=\"https:\/\/schema.org\/WebPage\" itemid=\"http:\/\/540\" content=\"Raven Thorey Myrdal\" \/><meta itemprop=\"datePublished\" content=\"2026-03-28\" \/><meta itemprop=\"dateModified\" content=\"2026-03-28\" \/><meta itemprop=\"name\" content=\"motmobbing.no\"\/><meta itemprop=\"url\" content=\"https:\/\/www.motmobbing.no\/wp-content\/uploads\/2026\/01\/Group-41.png\"\/><meta itemprop=\"url\" content=\"https:\/\/www.motmobbing.no\/author\/kenneth\/\" \/><meta itemprop=\"name\" content=\"Kenneth\" \/><meta itemprop=\"interactionType\" content=\"https:\/\/schema.org\/CommentAction\" \/><meta itemprop=\"userInteractionCount\" content=\"0\" \/>\n\t\t\t\t\t<a href=\"https:\/\/www.motmobbing.no\/en\/sjoforer\/raven-thorey-myrdal\/\" title=\"Raven Thorey Myrdal\"><\/a>\n\t\t\t\t<figure itemscope itemtype=\"https:\/\/schema.org\/ImageObject\">\n\t\t\t\t<img decoding=\"async\" src=\"https:\/\/www.motmobbing.no\/wp-content\/uploads\/bb-plugin\/cache\/placeholder-landscape-1bae684e055ff1d123431a98e60e0d32-.jpg\" alt=\"\" data-no-lazy=\"1\" onerror=\"this.style.display='none'\"  \/>\n\t<\/figure>\n\t\t\t\t\t\t\t\t\t<h3 itemprop=\"headline\">\n\t\t\t\t\t\t\t\t\t\t\t\t\t\tRaven Thorey Myrdal\t\t\t\t\t\t\t\t\t\t\t<\/h3>\n\t<meta itemscope itemprop=\"mainEntityOfPage\" itemtype=\"https:\/\/schema.org\/WebPage\" itemid=\"http:\/\/538\" content=\"Anja Gimre Aasland\" \/><meta itemprop=\"datePublished\" content=\"2026-03-28\" \/><meta itemprop=\"dateModified\" content=\"2026-03-28\" \/><meta itemprop=\"name\" content=\"motmobbing.no\"\/><meta itemprop=\"url\" content=\"https:\/\/www.motmobbing.no\/wp-content\/uploads\/2026\/01\/Group-41.png\"\/><meta itemprop=\"url\" content=\"https:\/\/www.motmobbing.no\/author\/kenneth\/\" \/><meta itemprop=\"name\" content=\"Kenneth\" \/><meta itemprop=\"interactionType\" content=\"https:\/\/schema.org\/CommentAction\" \/><meta itemprop=\"userInteractionCount\" content=\"0\" \/>\n\t\t\t\t\t<a href=\"https:\/\/www.motmobbing.no\/en\/sjoforer\/anja-gimre-aasland\/\" title=\"Anja Gimre Aasland\"><\/a>\n\t\t\t\t<figure itemscope itemtype=\"https:\/\/schema.org\/ImageObject\">\n\t\t\t\t<img decoding=\"async\" src=\"https:\/\/www.motmobbing.no\/wp-content\/uploads\/bb-plugin\/cache\/placeholder-landscape-1bae684e055ff1d123431a98e60e0d32-.jpg\" alt=\"\" data-no-lazy=\"1\" onerror=\"this.style.display='none'\"  \/>\n\t<\/figure>\n\t\t\t\t\t\t\t\t\t<h3 itemprop=\"headline\">\n\t\t\t\t\t\t\t\t\t\t\t\t\t\tAnja Gimre Aasland\t\t\t\t\t\t\t\t\t\t\t<\/h3>\n\t<meta itemscope itemprop=\"mainEntityOfPage\" itemtype=\"https:\/\/schema.org\/WebPage\" itemid=\"http:\/\/536\" content=\"Rebekka Talg\u00f8 Olsen\" \/><meta itemprop=\"datePublished\" content=\"2026-03-28\" \/><meta itemprop=\"dateModified\" content=\"2026-03-28\" \/><meta itemprop=\"name\" content=\"motmobbing.no\"\/><meta itemprop=\"url\" content=\"https:\/\/www.motmobbing.no\/wp-content\/uploads\/2026\/01\/Group-41.png\"\/><meta itemprop=\"url\" content=\"https:\/\/www.motmobbing.no\/author\/kenneth\/\" \/><meta itemprop=\"name\" content=\"Kenneth\" \/><meta itemprop=\"interactionType\" content=\"https:\/\/schema.org\/CommentAction\" \/><meta itemprop=\"userInteractionCount\" content=\"0\" \/>\n\t\t\t\t\t<a href=\"https:\/\/www.motmobbing.no\/en\/sjoforer\/rebekka-talgo-olsen\/\" title=\"Rebekka Talg\u00f8 Olsen\"><\/a>\n\t\t\t\t<figure itemscope itemtype=\"https:\/\/schema.org\/ImageObject\">\n\t\t\t\t<img decoding=\"async\" src=\"https:\/\/www.motmobbing.no\/wp-content\/uploads\/bb-plugin\/cache\/placeholder-landscape-1bae684e055ff1d123431a98e60e0d32-.jpg\" alt=\"\" data-no-lazy=\"1\" onerror=\"this.style.display='none'\"  \/>\n\t<\/figure>\n\t\t\t\t\t\t\t\t\t<h3 itemprop=\"headline\">\n\t\t\t\t\t\t\t\t\t\t\t\t\t\tRebekka Talg\u00f8 Olsen\t\t\t\t\t\t\t\t\t\t\t<\/h3>\n\t<meta itemscope itemprop=\"mainEntityOfPage\" itemtype=\"https:\/\/schema.org\/WebPage\" itemid=\"http:\/\/267\" content=\"Kenneth Olsen\" \/><meta itemprop=\"datePublished\" content=\"2026-02-22\" \/><meta itemprop=\"dateModified\" content=\"2026-03-28\" \/><meta itemprop=\"name\" content=\"motmobbing.no\"\/><meta itemprop=\"url\" content=\"https:\/\/www.motmobbing.no\/wp-content\/uploads\/2026\/01\/Group-41.png\"\/><meta itemprop=\"url\" content=\"https:\/\/www.motmobbing.no\/author\/kenneth\/\" \/><meta itemprop=\"name\" content=\"Kenneth\" \/><meta itemprop=\"interactionType\" content=\"https:\/\/schema.org\/CommentAction\" \/><meta itemprop=\"userInteractionCount\" content=\"0\" \/>\n\t\t\t\t\t<a href=\"https:\/\/www.motmobbing.no\/en\/sjoforer\/kenneth-olsen\/\" title=\"Kenneth Olsen\"><\/a>\n\t\t\t\t<figure itemscope itemtype=\"https:\/\/schema.org\/ImageObject\">\n\t\t\t\t<img decoding=\"async\" src=\"https:\/\/www.motmobbing.no\/wp-content\/uploads\/bb-plugin\/cache\/placeholder-landscape-1bae684e055ff1d123431a98e60e0d32-.jpg\" alt=\"\" data-no-lazy=\"1\" onerror=\"this.style.display='none'\"  \/>\n\t<\/figure>\n\t\t\t\t\t\t\t\t\t<h3 itemprop=\"headline\">\n\t\t\t\t\t\t\t\t\t\t\t\t\t\tKenneth Olsen\t\t\t\t\t\t\t\t\t\t\t<\/h3>\n\t<meta itemscope itemprop=\"mainEntityOfPage\" itemtype=\"https:\/\/schema.org\/WebPage\" itemid=\"http:\/\/266\" content=\"Tommy Idsal\" \/><meta itemprop=\"datePublished\" content=\"2026-02-22\" \/><meta itemprop=\"dateModified\" content=\"2026-03-28\" \/><meta itemprop=\"name\" content=\"motmobbing.no\"\/><meta itemprop=\"url\" content=\"https:\/\/www.motmobbing.no\/wp-content\/uploads\/2026\/01\/Group-41.png\"\/><meta itemprop=\"url\" content=\"https:\/\/www.motmobbing.no\/author\/kenneth\/\" \/><meta itemprop=\"name\" content=\"Kenneth\" \/><meta itemprop=\"interactionType\" content=\"https:\/\/schema.org\/CommentAction\" \/><meta itemprop=\"userInteractionCount\" content=\"0\" \/>\n\t\t\t\t\t<a href=\"https:\/\/www.motmobbing.no\/en\/sjoforer\/tommy-idsal\/\" title=\"Tommy Idsal\"><\/a>\n\t\t\t\t<figure itemscope itemtype=\"https:\/\/schema.org\/ImageObject\">\n\t\t\t\t<img decoding=\"async\" src=\"https:\/\/www.motmobbing.no\/wp-content\/uploads\/bb-plugin\/cache\/placeholder-landscape-1bae684e055ff1d123431a98e60e0d32-.jpg\" alt=\"\" data-no-lazy=\"1\" onerror=\"this.style.display='none'\"  \/>\n\t<\/figure>\n\t\t\t\t\t\t\t\t\t<h3 itemprop=\"headline\">\n\t\t\t\t\t\t\t\t\t\t\t\t\t\tTommy Idsal\t\t\t\t\t\t\t\t\t\t\t<\/h3>\n\t<meta itemscope itemprop=\"mainEntityOfPage\" itemtype=\"https:\/\/schema.org\/WebPage\" itemid=\"http:\/\/155\" content=\"Magnus Winther\" \/><meta itemprop=\"datePublished\" content=\"2026-01-22\" \/><meta itemprop=\"dateModified\" content=\"2026-03-28\" \/><meta itemprop=\"name\" content=\"motmobbing.no\"\/><meta itemprop=\"url\" content=\"https:\/\/www.motmobbing.no\/wp-content\/uploads\/2026\/01\/Group-41.png\"\/><meta itemprop=\"url\" content=\"https:\/\/www.motmobbing.no\/author\/kenneth\/\" \/><meta itemprop=\"name\" content=\"Kenneth\" \/><meta itemprop=\"url\" content=\"https:\/\/www.motmobbing.no\/wp-content\/uploads\/2026\/01\/Mask-group-3.png\" \/><meta itemprop=\"width\" content=\"430\" \/><meta itemprop=\"height\" content=\"429\" \/><meta itemprop=\"interactionType\" content=\"https:\/\/schema.org\/CommentAction\" \/><meta itemprop=\"userInteractionCount\" content=\"0\" \/>\n\t\t\t\t\t<a href=\"https:\/\/www.motmobbing.no\/en\/sjoforer\/navn-navnesen\/\" title=\"Magnus Winther\"><\/a>\n\t\t\t\t<figure itemscope itemtype=\"https:\/\/schema.org\/ImageObject\">\n\t\t\t\t<img decoding=\"async\" src=\"https:\/\/www.motmobbing.no\/wp-content\/uploads\/bb-plugin\/cache\/Mask-group-3-landscape-382f53dde1dfe8cc663edd8302db9290-.png\" alt=\"Mask group 3\" data-no-lazy=\"1\" height=\"429\" width=\"430\" title=\"Mask group 3\" onerror=\"this.style.display='none'\"  \/>\n\t<\/figure>\n\t\t\t\t\t\t\t\t\t<h3 itemprop=\"headline\">\n\t\t\t\t\t\t\t\t\t\t\t\t\t\tMagnus Winther\t\t\t\t\t\t\t\t\t\t\t<\/h3>\n\t\t<!-- .pp-content-posts -->","protected":false},"excerpt":{"rendered":"<p>Kontakt oss Telefon Adresse Org. nr: 123456789 V\u00e5re frivillige Elin Bergstr\u00f8m Christoffer Asmundsen Sindre Stavenes Kristine Pollestad Raven Thorey Myrdal Anja Gimre Aasland Rebekka Talg\u00f8 Olsen Kenneth Olsen Tommy Idsal Magnus Winther<\/p>","protected":false},"author":1,"featured_media":0,"parent":0,"menu_order":0,"comment_status":"closed","ping_status":"closed","template":"","meta":{"_acf_changed":false,"footnotes":""},"class_list":["post-53","page","type-page","status-publish","hentry"],"acf":[],"yoast_head":"<!-- This site is optimized with the Yoast SEO plugin v27.5 - https:\/\/yoast.com\/product\/yoast-seo-wordpress\/ -->\n<title>Kontakt - motmobbing.no<\/title>\n<meta name=\"robots\" content=\"index, follow, max-snippet:-1, max-image-preview:large, max-video-preview:-1\" \/>\n<link rel=\"canonical\" href=\"https:\/\/www.motmobbing.no\/en\/kontakt\/\" \/>\n<meta property=\"og:locale\" content=\"en_US\" \/>\n<meta property=\"og:type\" content=\"article\" \/>\n<meta property=\"og:title\" content=\"Kontakt - motmobbing.no\" \/>\n<meta property=\"og:description\" content=\"Kontakt oss Telefon Adresse Org. nr: 123456789 V\u00e5re frivillige Elin Bergstr\u00f8m Christoffer Asmundsen Sindre Stavenes Kristine Pollestad Raven Thorey Myrdal Anja Gimre Aasland Rebekka Talg\u00f8 Olsen Kenneth Olsen Tommy Idsal Magnus Winther\" \/>\n<meta property=\"og:url\" content=\"https:\/\/www.motmobbing.no\/en\/kontakt\/\" \/>\n<meta property=\"og:site_name\" content=\"motmobbing.no\" \/>\n<meta property=\"article:modified_time\" content=\"2026-05-07T10:38:43+00:00\" \/>\n<meta property=\"og:image\" content=\"https:\/\/www.motmobbing.no\/wp-content\/uploads\/bb-plugin\/cache\/placeholder-landscape-1bae684e055ff1d123431a98e60e0d32-.jpg\" \/>\n<meta name=\"twitter:card\" content=\"summary_large_image\" \/>\n<meta name=\"twitter:label1\" content=\"Est. reading time\" \/>\n\t<meta name=\"twitter:data1\" content=\"2 minutes\" \/>\n<script type=\"application\/ld+json\" class=\"yoast-schema-graph\">{\"@context\":\"https:\\\/\\\/schema.org\",\"@graph\":[{\"@type\":\"WebPage\",\"@id\":\"https:\\\/\\\/www.motmobbing.no\\\/kontakt\\\/\",\"url\":\"https:\\\/\\\/www.motmobbing.no\\\/kontakt\\\/\",\"name\":\"Kontakt - motmobbing.no\",\"isPartOf\":{\"@id\":\"https:\\\/\\\/www.motmobbing.no\\\/#website\"},\"primaryImageOfPage\":{\"@id\":\"https:\\\/\\\/www.motmobbing.no\\\/kontakt\\\/#primaryimage\"},\"image\":{\"@id\":\"https:\\\/\\\/www.motmobbing.no\\\/kontakt\\\/#primaryimage\"},\"thumbnailUrl\":\"https:\\\/\\\/www.motmobbing.no\\\/wp-content\\\/uploads\\\/bb-plugin\\\/cache\\\/placeholder-landscape-1bae684e055ff1d123431a98e60e0d32-.jpg\",\"datePublished\":\"2026-01-13T12:40:32+00:00\",\"dateModified\":\"2026-05-07T10:38:43+00:00\",\"breadcrumb\":{\"@id\":\"https:\\\/\\\/www.motmobbing.no\\\/kontakt\\\/#breadcrumb\"},\"inLanguage\":\"en-US\",\"potentialAction\":[{\"@type\":\"ReadAction\",\"target\":[\"https:\\\/\\\/www.motmobbing.no\\\/kontakt\\\/\"]}]},{\"@type\":\"ImageObject\",\"inLanguage\":\"en-US\",\"@id\":\"https:\\\/\\\/www.motmobbing.no\\\/kontakt\\\/#primaryimage\",\"url\":\"https:\\\/\\\/www.motmobbing.no\\\/wp-content\\\/uploads\\\/bb-plugin\\\/cache\\\/placeholder-landscape-1bae684e055ff1d123431a98e60e0d32-.jpg\",\"contentUrl\":\"https:\\\/\\\/www.motmobbing.no\\\/wp-content\\\/uploads\\\/bb-plugin\\\/cache\\\/placeholder-landscape-1bae684e055ff1d123431a98e60e0d32-.jpg\"},{\"@type\":\"BreadcrumbList\",\"@id\":\"https:\\\/\\\/www.motmobbing.no\\\/kontakt\\\/#breadcrumb\",\"itemListElement\":[{\"@type\":\"ListItem\",\"position\":1,\"name\":\"Home\",\"item\":\"https:\\\/\\\/www.motmobbing.no\\\/\"},{\"@type\":\"ListItem\",\"position\":2,\"name\":\"Kontakt\"}]},{\"@type\":\"WebSite\",\"@id\":\"https:\\\/\\\/www.motmobbing.no\\\/#website\",\"url\":\"https:\\\/\\\/www.motmobbing.no\\\/\",\"name\":\"motmobbing.no\",\"description\":\"\",\"potentialAction\":[{\"@type\":\"SearchAction\",\"target\":{\"@type\":\"EntryPoint\",\"urlTemplate\":\"https:\\\/\\\/www.motmobbing.no\\\/?s={search_term_string}\"},\"query-input\":{\"@type\":\"PropertyValueSpecification\",\"valueRequired\":true,\"valueName\":\"search_term_string\"}}],\"inLanguage\":\"en-US\"}]}<\/script>\n<!-- \/ Yoast SEO plugin. -->","yoast_head_json":{"title":"Kontakt - motmobbing.no","robots":{"index":"index","follow":"follow","max-snippet":"max-snippet:-1","max-image-preview":"max-image-preview:large","max-video-preview":"max-video-preview:-1"},"canonical":"https:\/\/www.motmobbing.no\/en\/kontakt\/","og_locale":"en_US","og_type":"article","og_title":"Kontakt - motmobbing.no","og_description":"Kontakt oss Telefon Adresse Org. nr: 123456789 V\u00e5re frivillige Elin Bergstr\u00f8m Christoffer Asmundsen Sindre Stavenes Kristine Pollestad Raven Thorey Myrdal Anja Gimre Aasland Rebekka Talg\u00f8 Olsen Kenneth Olsen Tommy Idsal Magnus Winther","og_url":"https:\/\/www.motmobbing.no\/en\/kontakt\/","og_site_name":"motmobbing.no","article_modified_time":"2026-05-07T10:38:43+00:00","og_image":[{"url":"https:\/\/www.motmobbing.no\/wp-content\/uploads\/bb-plugin\/cache\/placeholder-landscape-1bae684e055ff1d123431a98e60e0d32-.jpg","type":"","width":"","height":""}],"twitter_card":"summary_large_image","twitter_misc":{"Est. reading time":"2 minutes"},"schema":{"@context":"https:\/\/schema.org","@graph":[{"@type":"WebPage","@id":"https:\/\/www.motmobbing.no\/kontakt\/","url":"https:\/\/www.motmobbing.no\/kontakt\/","name":"Kontakt - motmobbing.no","isPartOf":{"@id":"https:\/\/www.motmobbing.no\/#website"},"primaryImageOfPage":{"@id":"https:\/\/www.motmobbing.no\/kontakt\/#primaryimage"},"image":{"@id":"https:\/\/www.motmobbing.no\/kontakt\/#primaryimage"},"thumbnailUrl":"https:\/\/www.motmobbing.no\/wp-content\/uploads\/bb-plugin\/cache\/placeholder-landscape-1bae684e055ff1d123431a98e60e0d32-.jpg","datePublished":"2026-01-13T12:40:32+00:00","dateModified":"2026-05-07T10:38:43+00:00","breadcrumb":{"@id":"https:\/\/www.motmobbing.no\/kontakt\/#breadcrumb"},"inLanguage":"en-US","potentialAction":[{"@type":"ReadAction","target":["https:\/\/www.motmobbing.no\/kontakt\/"]}]},{"@type":"ImageObject","inLanguage":"en-US","@id":"https:\/\/www.motmobbing.no\/kontakt\/#primaryimage","url":"https:\/\/www.motmobbing.no\/wp-content\/uploads\/bb-plugin\/cache\/placeholder-landscape-1bae684e055ff1d123431a98e60e0d32-.jpg","contentUrl":"https:\/\/www.motmobbing.no\/wp-content\/uploads\/bb-plugin\/cache\/placeholder-landscape-1bae684e055ff1d123431a98e60e0d32-.jpg"},{"@type":"BreadcrumbList","@id":"https:\/\/www.motmobbing.no\/kontakt\/#breadcrumb","itemListElement":[{"@type":"ListItem","position":1,"name":"Home","item":"https:\/\/www.motmobbing.no\/"},{"@type":"ListItem","position":2,"name":"Kontakt"}]},{"@type":"WebSite","@id":"https:\/\/www.motmobbing.no\/#website","url":"https:\/\/www.motmobbing.no\/","name":"motmobbing.no","description":"","potentialAction":[{"@type":"SearchAction","target":{"@type":"EntryPoint","urlTemplate":"https:\/\/www.motmobbing.no\/?s={search_term_string}"},"query-input":{"@type":"PropertyValueSpecification","valueRequired":true,"valueName":"search_term_string"}}],"inLanguage":"en-US"}]}},"_links":{"self":[{"href":"https:\/\/www.motmobbing.no\/en\/wp-json\/wp\/v2\/pages\/53","targetHints":{"allow":["GET"]}}],"collection":[{"href":"https:\/\/www.motmobbing.no\/en\/wp-json\/wp\/v2\/pages"}],"about":[{"href":"https:\/\/www.motmobbing.no\/en\/wp-json\/wp\/v2\/types\/page"}],"author":[{"embeddable":true,"href":"https:\/\/www.motmobbing.no\/en\/wp-json\/wp\/v2\/users\/1"}],"replies":[{"embeddable":true,"href":"https:\/\/www.motmobbing.no\/en\/wp-json\/wp\/v2\/comments?post=53"}],"version-history":[{"count":11,"href":"https:\/\/www.motmobbing.no\/en\/wp-json\/wp\/v2\/pages\/53\/revisions"}],"predecessor-version":[{"id":641,"href":"https:\/\/www.motmobbing.no\/en\/wp-json\/wp\/v2\/pages\/53\/revisions\/641"}],"wp:attachment":[{"href":"https:\/\/www.motmobbing.no\/en\/wp-json\/wp\/v2\/media?parent=53"}],"curies":[{"name":"wp","href":"https:\/\/api.w.org\/{rel}","templated":true}]}}