{"id":6,"date":"2026-01-13T12:20:53","date_gmt":"2026-01-13T11:20:53","guid":{"rendered":"https:\/\/paahjulmotmobbing.wp1.hcweb.dev\/cart\/"},"modified":"2026-03-13T13:27:43","modified_gmt":"2026-03-13T12:27:43","slug":"handlekurv","status":"publish","type":"page","link":"https:\/\/www.motmobbing.no\/en\/handlekurv\/","title":{"rendered":"Handlekurv"},"content":{"rendered":"\n\n<form action=\"https:\/\/www.motmobbing.no\/handlekurv\/\" method=\"post\">\n\t<table cellspacing=\"0\">\n\t\t<thead>\n\t\t\t<tr>\n\t\t\t\t<th>Slett produkt<\/th>\n\t\t\t\t<th>Miniatyrbilde<\/th>\n\t\t\t\t<th scope=\"col\">Produkt<\/th>\n\t\t\t\t<th scope=\"col\">Pris<\/th>\n\t\t\t\t<th scope=\"col\">Antall<\/th>\n\t\t\t\t<th scope=\"col\">Delsum<\/th>\n\t\t\t<\/tr>\n\t\t<\/thead>\n\t\t<tbody>\n\t\t\t\t\t\t\t\t<tr>\n\t\t\t\t\t\t<td>\n\t\t\t\t\t\t\t<a role=\"button\" href=\"https:\/\/www.motmobbing.no\/handlekurv\/?remove_item=b9228e0962a78b84f3d5d92f4faa000b&#038;_wpnonce=5212f41743\" aria-label=\"Fjern Termoflaske fra handlekurven\" data-product_id=\"412\" data-product_sku=\"\">&times;<\/a>\t\t\t\t\t\t<\/td>\n\t\t\t\t\t\t<td>\n\t\t\t\t\t\t<a href=\"https:\/\/www.motmobbing.no\/product\/termoflaske\/\"><img width=\"300\" height=\"300\" src=\"https:\/\/www.motmobbing.no\/wp-content\/uploads\/2026\/03\/Termoflaske-med-logo-300x300.jpg\" alt=\"Termoflaske\" decoding=\"async\" loading=\"lazy\" srcset=\"https:\/\/www.motmobbing.no\/wp-content\/uploads\/2026\/03\/Termoflaske-med-logo-300x300.jpg 300w, https:\/\/www.motmobbing.no\/wp-content\/uploads\/2026\/03\/Termoflaske-med-logo-150x150.jpg 150w, https:\/\/www.motmobbing.no\/wp-content\/uploads\/2026\/03\/Termoflaske-med-logo-768x768.jpg 768w, https:\/\/www.motmobbing.no\/wp-content\/uploads\/2026\/03\/Termoflaske-med-logo-12x12.jpg 12w, https:\/\/www.motmobbing.no\/wp-content\/uploads\/2026\/03\/Termoflaske-med-logo-600x600.jpg 600w, https:\/\/www.motmobbing.no\/wp-content\/uploads\/2026\/03\/Termoflaske-med-logo-100x100.jpg 100w, https:\/\/www.motmobbing.no\/wp-content\/uploads\/2026\/03\/Termoflaske-med-logo.jpg 960w\" sizes=\"auto, (max-width: 300px) 100vw, 300px\" \/><\/a>\t\t\t\t\t\t<\/td>\n\t\t\t\t\t\t<td scope=\"row\" role=\"rowheader\" data-title=\"Produkt\">\n\t\t\t\t\t\t<a href=\"https:\/\/www.motmobbing.no\/product\/termoflaske\/\">Termoflaske<\/a>\t\t\t\t\t\t<\/td>\n\t\t\t\t\t\t<td data-title=\"Pris\">\n\t\t\t\t\t\t\t<bdi>&#107;&#114;&nbsp;399,00<\/bdi>\t\t\t\t\t\t<\/td>\n\t\t\t\t\t\t<td data-title=\"Antall\">\n\t\t<label for=\"quantity_69b402bf51812\">Termoflaske antall<\/label>\n\t<input type=\"number\"\n\t\t\t\tid=\"quantity_69b402bf51812\"\n\t\tclass=\"input-text qty text\"\n\t\tname=\"cart[b9228e0962a78b84f3d5d92f4faa000b][qty]\"\n\t\tvalue=\"1\"\n\t\taria-label=\"Produkt antall\"\n\t\t\t\tmin=\"0\"\n\t\t\t\t\t\t\tstep=\"1\"\n\t\t\tplaceholder=\"\"\n\t\t\tinputmode=\"numeric\"\n\t\t\tautocomplete=\"off\"\n\t\t\t\/>\n\t\t\t\t\t\t<\/td>\n\t\t\t\t\t\t<td data-title=\"Delsum\">\n\t\t\t\t\t\t\t<bdi>&#107;&#114;&nbsp;399,00<\/bdi>\t\t\t\t\t\t<\/td>\n\t\t\t\t\t<\/tr>\n\t\t\t<tr>\n\t\t\t\t<td colspan=\"6\">\n\t\t\t\t\t\t\t<label for=\"coupon_code\">Rabattkode:<\/label> <input type=\"text\" name=\"coupon_code\" id=\"coupon_code\" value=\"\" placeholder=\"Rabattkode\" \/> <button type=\"submit\" name=\"apply_coupon\" value=\"Bruk rabattkode\">Bruk rabattkode<\/button>\n\t\t\t\t\t<button type=\"submit\" name=\"update_cart\" value=\"Oppdater handlekurv\">Oppdater handlekurv<\/button>\n\t\t\t\t\t<input type=\"hidden\" id=\"woocommerce-cart-nonce\" name=\"woocommerce-cart-nonce\" value=\"5212f41743\" \/><input type=\"hidden\" name=\"_wp_http_referer\" value=\"\/?page_id=6&#038;fl_builder\" \/>\t\t\t\t<\/td>\n\t\t\t<\/tr>\n\t\t\t\t\t<\/tbody>\n\t<\/table>\n\t<\/form>\n\t<h2>Totalt i handlekurven<\/h2>\n\t<table cellspacing=\"0\">\n\t\t<tr>\n\t\t\t<th>Delsum<\/th>\n\t\t\t<td data-title=\"Delsum\"><bdi>&#107;&#114;&nbsp;399,00<\/bdi><\/td>\n\t\t<\/tr>\n\t\t\t<tr>\n\t<th>Forsendelse<\/th>\n\t<td data-title=\"Forsendelse\">\n\t\t\t\t\t<ul id=\"shipping_method\">\n\t\t\t\t\t\t\t\t\t<li>\n\t\t\t\t\t\t<input type=\"radio\" name=\"shipping_method[0]\" data-index=\"0\" id=\"shipping_method_0_sendoasp2mypack\" value=\"sendoasp:2:mypack\"  checked='checked' \/><label for=\"shipping_method_0_sendoasp2mypack\">Postnord Pakke til betjent hentested: <bdi>&#107;&#114;&nbsp;105,00<\/bdi><\/label>    \n        <label for=\"sendo_pickup_point_0\">\n            Hentested:            <abbr title=\"required\">*<\/abbr>\n        <\/label>\n        <select name=\"sendo_pickup_point\"\n                id=\"sendo_pickup_point\"\n                data-method=\"sendoasp:2:mypack\">\n                                <option value=\"PN:3305513:COOP PRIX OLTEDA\"\n                            data-name=\"COOP PRIX OLTEDA\"\n                            data-address=\"\"\n                            data-postcode=\"\"\n                            data-city=\"\"\n                             selected>\n                        COOP PRIX OLTEDA                    <\/option>\n                                    <option value=\"PN:50022136:COOP PRIX H\u00d8LE 174\"\n                            data-name=\"COOP PRIX H\u00d8LE 174\"\n                            data-address=\"\"\n                            data-postcode=\"\"\n                            data-city=\"\">\n                        COOP PRIX H\u00d8LE 174                    <\/option>\n                                    <option value=\"PN:3395555:KIWI 648 \u00c5LG\u00c5RD\"\n                            data-name=\"KIWI 648 \u00c5LG\u00c5RD\"\n                            data-address=\"\"\n                            data-postcode=\"\"\n                            data-city=\"\">\n                        KIWI 648 \u00c5LG\u00c5RD                    <\/option>\n                                    <option value=\"PN:3326840:JOKER GILJE\"\n                            data-name=\"JOKER GILJE\"\n                            data-address=\"\"\n                            data-postcode=\"\"\n                            data-city=\"\">\n                        JOKER GILJE                    <\/option>\n                                    <option value=\"PN:50122027:JOKER LYSEFJORDEN\"\n                            data-name=\"JOKER LYSEFJORDEN\"\n                            data-address=\"\"\n                            data-postcode=\"\"\n                            data-city=\"\">\n                        JOKER LYSEFJORDEN                    <\/option>\n                                    <\/select>\n        <input type=\"hidden\" name=\"sendo_pickup_point_name\" id=\"sendo_pickup_point_name\" value=\"\"\/>\n        <input type=\"hidden\" name=\"sendo_pickup_point_address\" id=\"sendo_pickup_point_address\" value=\"\"\/>\n    \t\t\t\t\t<\/li>\n\t\t\t\t\t\t\t\t\t<li>\n\t\t\t\t\t\t<input type=\"radio\" name=\"shipping_method[0]\" data-index=\"0\" id=\"shipping_method_0_sendoasp2tg_home_delivery\" value=\"sendoasp:2:tg_home_delivery\"  \/><label for=\"shipping_method_0_sendoasp2tg_home_delivery\">Postnord Hjemlevering p\u00e5 kveldstid: <bdi>&#107;&#114;&nbsp;362,50<\/bdi><\/label>    \n        <label for=\"sendo_pickup_point_0\">\n            Hentested:            <abbr title=\"required\">*<\/abbr>\n        <\/label>\n        <select name=\"sendo_pickup_point\"\n                id=\"sendo_pickup_point\"\n                data-method=\"sendoasp:2:tg_home_delivery\">\n                            <option value=\"\">Ingen hentested tilgjengelig<\/option>\n                    <\/select>\n        <input type=\"hidden\" name=\"sendo_pickup_point_name\" id=\"sendo_pickup_point_name\" value=\"\"\/>\n        <input type=\"hidden\" name=\"sendo_pickup_point_address\" id=\"sendo_pickup_point_address\" value=\"\"\/>\n    \t\t\t\t\t<\/li>\n\t\t\t\t\t\t\t<\/ul>\n\t\t\t\t\t\t\t\n\t\t\t\t\tLevering til <strong>Bygdaveien 168, 4333 Sandnes<\/strong>. \t\t\t\t\n<form action=\"https:\/\/www.motmobbing.no\/handlekurv\/\" method=\"post\">\n\t<a href=\"#\" aria-expanded=\"false\" aria-controls=\"shipping-calculator-form\" role=\"button\">Endre adresse<\/a>\n\t<section id=\"shipping-calculator-form\">\n\t\t\t\t\t\n\t\t\t\t<label for=\"calc_shipping_country\">Land\/Region<\/label>\n\t\t\t\t<select name=\"calc_shipping_country\" id=\"calc_shipping_country\" rel=\"calc_shipping_state\">\n\t\t\t\t\t<option value=\"default\">Velg land \/ region&hellip;<\/option>\n\t\t\t\t\t<option value=\"NO\" selected='selected'>Norge<\/option>\t\t\t\t<\/select>\n\t\t\t\n\t\t\t\t\t\n\t\t\t\t\t\t\t\t\t<input type=\"hidden\" name=\"calc_shipping_state\" id=\"calc_shipping_state\" \/>\n\t\t\t\t\t\t\t\t\n\t\t\t\t\t\n\t\t\t\t<label for=\"calc_shipping_city\">Poststed:<\/label>\n\t\t\t\t<input type=\"text\" value=\"Sandnes\" name=\"calc_shipping_city\" id=\"calc_shipping_city\" \/>\n\t\t\t\n\t\t\t\t\t\n\t\t\t\t<label for=\"calc_shipping_postcode\">Postnummer:<\/label>\n\t\t\t\t<input type=\"text\" value=\"4333\" name=\"calc_shipping_postcode\" id=\"calc_shipping_postcode\" \/>\n\t\t\t\n\t\t<p><button type=\"submit\" name=\"calc_shipping\" value=\"1\">Oppdater<\/button><\/p>\n\t\t<input type=\"hidden\" id=\"woocommerce-shipping-calculator-nonce\" name=\"woocommerce-shipping-calculator-nonce\" value=\"209ac9bb14\" \/><input type=\"hidden\" name=\"_wp_http_referer\" value=\"\/?page_id=6&#038;fl_builder\" \/>\t<\/section>\n<\/form>\n\t\t\t<\/td>\n<\/tr>\n\t\t<tr>\n\t\t\t<th>Totalt<\/th>\n\t\t\t<td data-title=\"Totalt\"><strong><bdi>&#107;&#114;&nbsp;504,00<\/bdi><\/strong> <small>(inkl. &#107;&#114;&nbsp;100,80 Avgift)<\/small><\/td>\n\t\t<\/tr>\n\t<\/table>\n<a href=\"https:\/\/www.motmobbing.no\/kasse\/\">\n\tFortsett til kassen<\/a>\n\n","protected":false},"excerpt":{"rendered":"<p>Slett produkt Miniatyrbilde Produkt Pris Antall Delsum &times; Termoflaske &#107;&#114;&nbsp;399,00 Termoflaske antall &#107;&#114;&nbsp;399,00 Rabattkode: Bruk rabattkode Oppdater handlekurv Totalt i handlekurven Delsum &#107;&#114;&nbsp;399,00 Forsendelse Postnord Pakke til betjent hentested: &#107;&#114;&nbsp;105,00 Hentested: * COOP PRIX OLTEDA COOP PRIX H\u00d8LE 174 KIWI 648 \u00c5LG\u00c5RD JOKER GILJE JOKER LYSEFJORDEN Postnord Hjemlevering p\u00e5 kveldstid: &#107;&#114;&nbsp;362,50 Hentested: * Ingen hentested&hellip;<\/p>","protected":false},"author":1,"featured_media":0,"parent":0,"menu_order":0,"comment_status":"closed","ping_status":"closed","template":"","meta":{"_acf_changed":false,"footnotes":""},"class_list":["post-6","page","type-page","status-publish","hentry"],"acf":[],"yoast_head":"<!-- This site is optimized with the Yoast SEO plugin v27.5 - https:\/\/yoast.com\/product\/yoast-seo-wordpress\/ -->\n<title>Handlekurv - motmobbing.no<\/title>\n<meta name=\"robots\" content=\"index, follow, max-snippet:-1, max-image-preview:large, max-video-preview:-1\" \/>\n<link rel=\"canonical\" href=\"https:\/\/www.motmobbing.no\/en\/handlekurv\/\" \/>\n<meta property=\"og:locale\" content=\"en_US\" \/>\n<meta property=\"og:type\" content=\"article\" \/>\n<meta property=\"og:title\" content=\"Handlekurv - motmobbing.no\" \/>\n<meta property=\"og:description\" content=\"Slett produkt Miniatyrbilde Produkt Pris Antall Delsum &times; Termoflaske &#107;&#114;&nbsp;399,00 Termoflaske antall &#107;&#114;&nbsp;399,00 Rabattkode: Bruk rabattkode Oppdater handlekurv Totalt i handlekurven Delsum &#107;&#114;&nbsp;399,00 Forsendelse Postnord Pakke til betjent hentested: &#107;&#114;&nbsp;105,00 Hentested: * COOP PRIX OLTEDA COOP PRIX H\u00d8LE 174 KIWI 648 \u00c5LG\u00c5RD JOKER GILJE JOKER LYSEFJORDEN Postnord Hjemlevering p\u00e5 kveldstid: &#107;&#114;&nbsp;362,50 Hentested: * Ingen hentested&hellip;\" \/>\n<meta property=\"og:url\" content=\"https:\/\/www.motmobbing.no\/en\/handlekurv\/\" \/>\n<meta property=\"og:site_name\" content=\"motmobbing.no\" \/>\n<meta property=\"article:modified_time\" content=\"2026-03-13T12:27:43+00:00\" \/>\n<meta property=\"og:image\" content=\"https:\/\/www.motmobbing.no\/wp-content\/uploads\/2026\/03\/Termoflaske-med-logo-300x300.jpg\" \/>\n<meta name=\"twitter:card\" content=\"summary_large_image\" \/>\n<script type=\"application\/ld+json\" class=\"yoast-schema-graph\">{\"@context\":\"https:\\\/\\\/schema.org\",\"@graph\":[{\"@type\":\"WebPage\",\"@id\":\"https:\\\/\\\/www.motmobbing.no\\\/handlekurv\\\/\",\"url\":\"https:\\\/\\\/www.motmobbing.no\\\/handlekurv\\\/\",\"name\":\"Handlekurv - motmobbing.no\",\"isPartOf\":{\"@id\":\"https:\\\/\\\/www.motmobbing.no\\\/#website\"},\"primaryImageOfPage\":{\"@id\":\"https:\\\/\\\/www.motmobbing.no\\\/handlekurv\\\/#primaryimage\"},\"image\":{\"@id\":\"https:\\\/\\\/www.motmobbing.no\\\/handlekurv\\\/#primaryimage\"},\"thumbnailUrl\":\"https:\\\/\\\/www.motmobbing.no\\\/wp-content\\\/uploads\\\/2026\\\/03\\\/Termoflaske-med-logo-300x300.jpg\",\"datePublished\":\"2026-01-13T11:20:53+00:00\",\"dateModified\":\"2026-03-13T12:27:43+00:00\",\"breadcrumb\":{\"@id\":\"https:\\\/\\\/www.motmobbing.no\\\/handlekurv\\\/#breadcrumb\"},\"inLanguage\":\"en-US\",\"potentialAction\":[{\"@type\":\"ReadAction\",\"target\":[\"https:\\\/\\\/www.motmobbing.no\\\/handlekurv\\\/\"]}]},{\"@type\":\"ImageObject\",\"inLanguage\":\"en-US\",\"@id\":\"https:\\\/\\\/www.motmobbing.no\\\/handlekurv\\\/#primaryimage\",\"url\":\"https:\\\/\\\/www.motmobbing.no\\\/wp-content\\\/uploads\\\/2026\\\/03\\\/Termoflaske-med-logo-300x300.jpg\",\"contentUrl\":\"https:\\\/\\\/www.motmobbing.no\\\/wp-content\\\/uploads\\\/2026\\\/03\\\/Termoflaske-med-logo-300x300.jpg\"},{\"@type\":\"BreadcrumbList\",\"@id\":\"https:\\\/\\\/www.motmobbing.no\\\/handlekurv\\\/#breadcrumb\",\"itemListElement\":[{\"@type\":\"ListItem\",\"position\":1,\"name\":\"Home\",\"item\":\"https:\\\/\\\/www.motmobbing.no\\\/\"},{\"@type\":\"ListItem\",\"position\":2,\"name\":\"Handlekurv\"}]},{\"@type\":\"WebSite\",\"@id\":\"https:\\\/\\\/www.motmobbing.no\\\/#website\",\"url\":\"https:\\\/\\\/www.motmobbing.no\\\/\",\"name\":\"motmobbing.no\",\"description\":\"\",\"potentialAction\":[{\"@type\":\"SearchAction\",\"target\":{\"@type\":\"EntryPoint\",\"urlTemplate\":\"https:\\\/\\\/www.motmobbing.no\\\/?s={search_term_string}\"},\"query-input\":{\"@type\":\"PropertyValueSpecification\",\"valueRequired\":true,\"valueName\":\"search_term_string\"}}],\"inLanguage\":\"en-US\"}]}<\/script>\n<!-- \/ Yoast SEO plugin. -->","yoast_head_json":{"title":"Handlekurv - motmobbing.no","robots":{"index":"index","follow":"follow","max-snippet":"max-snippet:-1","max-image-preview":"max-image-preview:large","max-video-preview":"max-video-preview:-1"},"canonical":"https:\/\/www.motmobbing.no\/en\/handlekurv\/","og_locale":"en_US","og_type":"article","og_title":"Handlekurv - motmobbing.no","og_description":"Slett produkt Miniatyrbilde Produkt Pris Antall Delsum &times; Termoflaske &#107;&#114;&nbsp;399,00 Termoflaske antall &#107;&#114;&nbsp;399,00 Rabattkode: Bruk rabattkode Oppdater handlekurv Totalt i handlekurven Delsum &#107;&#114;&nbsp;399,00 Forsendelse Postnord Pakke til betjent hentested: &#107;&#114;&nbsp;105,00 Hentested: * COOP PRIX OLTEDA COOP PRIX H\u00d8LE 174 KIWI 648 \u00c5LG\u00c5RD JOKER GILJE JOKER LYSEFJORDEN Postnord Hjemlevering p\u00e5 kveldstid: &#107;&#114;&nbsp;362,50 Hentested: * Ingen hentested&hellip;","og_url":"https:\/\/www.motmobbing.no\/en\/handlekurv\/","og_site_name":"motmobbing.no","article_modified_time":"2026-03-13T12:27:43+00:00","og_image":[{"url":"https:\/\/www.motmobbing.no\/wp-content\/uploads\/2026\/03\/Termoflaske-med-logo-300x300.jpg","type":"","width":"","height":""}],"twitter_card":"summary_large_image","schema":{"@context":"https:\/\/schema.org","@graph":[{"@type":"WebPage","@id":"https:\/\/www.motmobbing.no\/handlekurv\/","url":"https:\/\/www.motmobbing.no\/handlekurv\/","name":"Handlekurv - motmobbing.no","isPartOf":{"@id":"https:\/\/www.motmobbing.no\/#website"},"primaryImageOfPage":{"@id":"https:\/\/www.motmobbing.no\/handlekurv\/#primaryimage"},"image":{"@id":"https:\/\/www.motmobbing.no\/handlekurv\/#primaryimage"},"thumbnailUrl":"https:\/\/www.motmobbing.no\/wp-content\/uploads\/2026\/03\/Termoflaske-med-logo-300x300.jpg","datePublished":"2026-01-13T11:20:53+00:00","dateModified":"2026-03-13T12:27:43+00:00","breadcrumb":{"@id":"https:\/\/www.motmobbing.no\/handlekurv\/#breadcrumb"},"inLanguage":"en-US","potentialAction":[{"@type":"ReadAction","target":["https:\/\/www.motmobbing.no\/handlekurv\/"]}]},{"@type":"ImageObject","inLanguage":"en-US","@id":"https:\/\/www.motmobbing.no\/handlekurv\/#primaryimage","url":"https:\/\/www.motmobbing.no\/wp-content\/uploads\/2026\/03\/Termoflaske-med-logo-300x300.jpg","contentUrl":"https:\/\/www.motmobbing.no\/wp-content\/uploads\/2026\/03\/Termoflaske-med-logo-300x300.jpg"},{"@type":"BreadcrumbList","@id":"https:\/\/www.motmobbing.no\/handlekurv\/#breadcrumb","itemListElement":[{"@type":"ListItem","position":1,"name":"Home","item":"https:\/\/www.motmobbing.no\/"},{"@type":"ListItem","position":2,"name":"Handlekurv"}]},{"@type":"WebSite","@id":"https:\/\/www.motmobbing.no\/#website","url":"https:\/\/www.motmobbing.no\/","name":"motmobbing.no","description":"","potentialAction":[{"@type":"SearchAction","target":{"@type":"EntryPoint","urlTemplate":"https:\/\/www.motmobbing.no\/?s={search_term_string}"},"query-input":{"@type":"PropertyValueSpecification","valueRequired":true,"valueName":"search_term_string"}}],"inLanguage":"en-US"}]}},"_links":{"self":[{"href":"https:\/\/www.motmobbing.no\/en\/wp-json\/wp\/v2\/pages\/6","targetHints":{"allow":["GET"]}}],"collection":[{"href":"https:\/\/www.motmobbing.no\/en\/wp-json\/wp\/v2\/pages"}],"about":[{"href":"https:\/\/www.motmobbing.no\/en\/wp-json\/wp\/v2\/types\/page"}],"author":[{"embeddable":true,"href":"https:\/\/www.motmobbing.no\/en\/wp-json\/wp\/v2\/users\/1"}],"replies":[{"embeddable":true,"href":"https:\/\/www.motmobbing.no\/en\/wp-json\/wp\/v2\/comments?post=6"}],"version-history":[{"count":8,"href":"https:\/\/www.motmobbing.no\/en\/wp-json\/wp\/v2\/pages\/6\/revisions"}],"predecessor-version":[{"id":443,"href":"https:\/\/www.motmobbing.no\/en\/wp-json\/wp\/v2\/pages\/6\/revisions\/443"}],"wp:attachment":[{"href":"https:\/\/www.motmobbing.no\/en\/wp-json\/wp\/v2\/media?parent=6"}],"curies":[{"name":"wp","href":"https:\/\/api.w.org\/{rel}","templated":true}]}}